{"id":1604,"date":"2022-07-05T13:26:00","date_gmt":"2022-07-05T11:26:00","guid":{"rendered":"https:\/\/coaching-your-change.com\/?page_id=1604"},"modified":"2025-07-31T18:31:20","modified_gmt":"2025-07-31T16:31:20","slug":"bestaetigung-mailadresse","status":"publish","type":"page","link":"https:\/\/coaching-your-change.com\/en_gb\/bestaetigung-mailadresse\/","title":{"rendered":"Best\u00e4tigung Emailadresse"},"content":{"rendered":"\n[et_pb_section fb_built=&#8220;1&#8243; _builder_version=&#8220;4.27.4&#8243; _module_preset=&#8220;default&#8220; background_color=&#8220;#f2f2f2&#8243; custom_margin=&#8220;||69px|||&#8220; custom_padding=&#8220;||36px|||&#8220; global_module=&#8220;250920&#8243; saved_tabs=&#8220;all&#8220; global_colors_info=&#8220;{}&#8220;][et_pb_row column_structure=&#8220;1_2,1_2&#8243; _builder_version=&#8220;4.17.4&#8243; _module_preset=&#8220;default&#8220; min_height=&#8220;80px&#8220; global_colors_info=&#8220;{}&#8220;][et_pb_column type=&#8220;1_2&#8243; _builder_version=&#8220;4.27.4&#8243; _module_preset=&#8220;default&#8220; global_colors_info=&#8220;{}&#8220;][et_pb_image src=&#8220;https:\/\/coaching-your-change.com\/wp-content\/uploads\/tick-green.png&#8220; title_text=&#8220;tick-green&#8220; align=&#8220;center&#8220; _builder_version=&#8220;4.27.4&#8243; _module_preset=&#8220;default&#8220; max_width=&#8220;20%&#8220; custom_margin=&#8220;|||275px|false|false&#8220; global_colors_info=&#8220;{}&#8220;][\/et_pb_image][\/et_pb_column][et_pb_column type=&#8220;1_2&#8243; _builder_version=&#8220;4.17.4&#8243; _module_preset=&#8220;default&#8220; global_colors_info=&#8220;{}&#8220;][et_pb_text _builder_version=&#8220;4.27.4&#8243; _module_preset=&#8220;default&#8220; custom_margin=&#8220;20px|||-450px|false|false&#8220; custom_padding=&#8220;0px||||false|false&#8220; global_colors_info=&#8220;{}&#8220;]<h1 style=\"text-align: center;\">Das hat geklappt!<\/h1>\n<p>&nbsp;<\/p>[\/et_pb_text][\/et_pb_column][\/et_pb_row][et_pb_row _builder_version=&#8220;4.27.4&#8243; _module_preset=&#8220;default&#8220; max_width=&#8220;800px&#8220; custom_padding=&#8220;|||140px|false|false&#8220; global_colors_info=&#8220;{}&#8220;][et_pb_column type=&#8220;4_4&#8243; _builder_version=&#8220;4.27.4&#8243; _module_preset=&#8220;default&#8220; global_colors_info=&#8220;{}&#8220;][et_pb_text _builder_version=&#8220;4.27.4&#8243; _module_preset=&#8220;default&#8220; global_colors_info=&#8220;{}&#8220;]<p>Deine Emailadresse wurde im System best\u00e4tigt! Wichtigen Informationen und n\u00fctzliche Tipps erh\u00e4ltst Du in Zukunft direkt in Dein Postfach.<\/p>\n<p>Viel Spa\u00df dabei, einen positiven Unterschied zu machen!\u00a0<\/p>\n<p>Deine Kathrin<\/p>[\/et_pb_text][\/et_pb_column][\/et_pb_row][\/et_pb_section][et_pb_section fb_built=&#8220;1&#8243; disabled_on=&#8220;on|on|on&#8220; _builder_version=&#8220;4.27.4&#8243; _module_preset=&#8220;default&#8220; custom_padding=&#8220;1px||29px|||&#8220; disabled=&#8220;on&#8220; global_colors_info=&#8220;{}&#8220;][et_pb_row _builder_version=&#8220;4.17.4&#8243; _module_preset=&#8220;default&#8220; min_height=&#8220;84px&#8220; custom_margin=&#8220;|auto|1px|auto||&#8220; custom_padding=&#8220;||0px|||&#8220; global_colors_info=&#8220;{}&#8220;][et_pb_column type=&#8220;4_4&#8243; _builder_version=&#8220;4.17.4&#8243; _module_preset=&#8220;default&#8220; global_colors_info=&#8220;{}&#8220;][et_pb_text _builder_version=&#8220;4.17.6&#8243; _module_preset=&#8220;default&#8220; header_2_font_size=&#8220;30px&#8220; header_3_font_size=&#8220;20px&#8220; global_colors_info=&#8220;{}&#8220;]<h2 style=\"text-align: center;\">Wusstest Du, dass ich Dich bei verschiedenen Change Prozessen begleiten kann?<\/h2>[\/et_pb_text][\/et_pb_column][\/et_pb_row][et_pb_row column_structure=&#8220;1_3,1_3,1_3&#8243; _builder_version=&#8220;4.17.4&#8243; _module_preset=&#8220;default&#8220; global_colors_info=&#8220;{}&#8220;][et_pb_column type=&#8220;1_3&#8243; _builder_version=&#8220;4.17.4&#8243; _module_preset=&#8220;default&#8220; global_colors_info=&#8220;{}&#8220;][et_pb_image src=&#8220;https:\/\/coaching-your-change.com\/wp-content\/uploads\/quick_fix.png&#8220; alt=&#8220;Quick Fix Icon&#8220; title_text=&#8220;quick_fix&#8220; _builder_version=&#8220;4.20.0&#8243; _module_preset=&#8220;default&#8220; global_colors_info=&#8220;{}&#8220;][\/et_pb_image][\/et_pb_column][et_pb_column type=&#8220;1_3&#8243; _builder_version=&#8220;4.17.4&#8243; _module_preset=&#8220;default&#8220; global_colors_info=&#8220;{}&#8220;][et_pb_image src=&#8220;https:\/\/coaching-your-change.com\/wp-content\/uploads\/change_training-copy.png&#8220; alt=&#8220;Change Training Icon&#8220; title_text=&#8220;change_training&#8220; url=&#8220;http:\/\/www.coaching-your-change.com\/change-coaching&#8220; url_new_window=&#8220;on&#8220; _builder_version=&#8220;4.20.0&#8243; _module_preset=&#8220;default&#8220; global_colors_info=&#8220;{}&#8220;][\/et_pb_image][\/et_pb_column][et_pb_column type=&#8220;1_3&#8243; _builder_version=&#8220;4.17.4&#8243; _module_preset=&#8220;default&#8220; global_colors_info=&#8220;{}&#8220;][et_pb_image src=&#8220;https:\/\/coaching-your-change.com\/wp-content\/uploads\/CHANGE-TRAINING.jpg&#8220; alt=&#8220;Blauer Kasten mit Text: Change Coaching&#8220; title_text=&#8220;Change Coaching&#8220; url=&#8220;http:\/\/www.coaching-your-change.com\/change-training&#8220; url_new_window=&#8220;on&#8220; _builder_version=&#8220;4.17.4&#8243; _module_preset=&#8220;default&#8220; global_colors_info=&#8220;{}&#8220;][\/et_pb_image][\/et_pb_column][\/et_pb_row][et_pb_row _builder_version=&#8220;4.17.6&#8243; _module_preset=&#8220;default&#8220; global_colors_info=&#8220;{}&#8220;][et_pb_column type=&#8220;4_4&#8243; _builder_version=&#8220;4.17.6&#8243; _module_preset=&#8220;default&#8220; global_colors_info=&#8220;{}&#8220;][et_pb_button button_url=&#8220;@ET-DC@eyJkeW5hbWljIjp0cnVlLCJjb250ZW50IjoicG9zdF9saW5rX3VybF9wYWdlIiwic2V0dGluZ3MiOnsicG9zdF9pZCI6Ijk3NSJ9fQ==@&#8220; button_text=&#8220;zu den angeboten&#8220; button_alignment=&#8220;center&#8220; _builder_version=&#8220;4.17.6&#8243; _dynamic_attributes=&#8220;button_url&#8220; _module_preset=&#8220;default&#8220; custom_button=&#8220;on&#8220; button_icon=&#8220;&#x3d;||divi||400&#8243; button_icon_placement=&#8220;right&#8220; global_colors_info=&#8220;{}&#8220;][\/et_pb_button][\/et_pb_column][\/et_pb_row][\/et_pb_section]\n","protected":false},"excerpt":{"rendered":"<p>Das hat geklappt! &nbsp;Deine Emailadresse wurde im System best\u00e4tigt! Wichtigen Informationen und n\u00fctzliche Tipps erh\u00e4ltst Du in Zukunft direkt in Dein Postfach. Viel Spa\u00df dabei, einen positiven Unterschied zu machen!\u00a0 Deine KathrinWusstest Du, dass ich Dich bei verschiedenen Change Prozessen begleiten kann?<\/p>","protected":false},"author":2,"featured_media":0,"parent":0,"menu_order":0,"comment_status":"closed","ping_status":"closed","template":"","meta":{"_et_pb_use_builder":"on","_et_pb_old_content":"","_et_gb_content_width":"","_themeisle_gutenberg_block_has_review":false,"footnotes":""},"class_list":["post-1604","page","type-page","status-publish","hentry"],"yoast_head":"<!-- This site is optimized with the Yoast SEO plugin v27.5 - https:\/\/yoast.com\/product\/yoast-seo-wordpress\/ -->\n<title>Best\u00e4tigung Emailadresse - coaching-your-change.com<\/title>\n<meta name=\"robots\" content=\"index, follow, max-snippet:-1, max-image-preview:large, max-video-preview:-1\" \/>\n<link rel=\"canonical\" href=\"https:\/\/coaching-your-change.com\/en_gb\/bestaetigung-mailadresse\/\" \/>\n<meta property=\"og:locale\" content=\"en_GB\" \/>\n<meta property=\"og:type\" content=\"article\" \/>\n<meta property=\"og:title\" content=\"Best\u00e4tigung Emailadresse - coaching-your-change.com\" \/>\n<meta property=\"og:description\" content=\"Das hat geklappt! &nbsp;Deine Emailadresse wurde im System best\u00e4tigt! Wichtigen Informationen und n\u00fctzliche Tipps erh\u00e4ltst Du in Zukunft direkt in Dein Postfach. Viel Spa\u00df dabei, einen positiven Unterschied zu machen!\u00a0 Deine KathrinWusstest Du, dass ich Dich bei verschiedenen Change Prozessen begleiten kann?\" \/>\n<meta property=\"og:url\" content=\"https:\/\/coaching-your-change.com\/en_gb\/bestaetigung-mailadresse\/\" \/>\n<meta property=\"og:site_name\" content=\"coaching-your-change.com\" \/>\n<meta property=\"article:publisher\" content=\"https:\/\/www.facebook.com\/people\/Kathrin-Schrepfer\/100085420214170\/\" \/>\n<meta property=\"article:modified_time\" content=\"2025-07-31T16:31:20+00:00\" \/>\n<meta name=\"twitter:card\" content=\"summary_large_image\" \/>\n<meta name=\"twitter:label1\" content=\"Estimated reading time\" \/>\n\t<meta name=\"twitter:data1\" content=\"1 minute\" \/>\n<script type=\"application\/ld+json\" class=\"yoast-schema-graph\">{\"@context\":\"https:\\\/\\\/schema.org\",\"@graph\":[{\"@type\":\"WebPage\",\"@id\":\"https:\\\/\\\/coaching-your-change.com\\\/bestaetigung-mailadresse\\\/\",\"url\":\"https:\\\/\\\/coaching-your-change.com\\\/bestaetigung-mailadresse\\\/\",\"name\":\"Best\u00e4tigung Emailadresse - coaching-your-change.com\",\"isPartOf\":{\"@id\":\"https:\\\/\\\/coaching-your-change.com\\\/#website\"},\"datePublished\":\"2022-07-05T11:26:00+00:00\",\"dateModified\":\"2025-07-31T16:31:20+00:00\",\"breadcrumb\":{\"@id\":\"https:\\\/\\\/coaching-your-change.com\\\/bestaetigung-mailadresse\\\/#breadcrumb\"},\"inLanguage\":\"en-GB\",\"potentialAction\":[{\"@type\":\"ReadAction\",\"target\":[\"https:\\\/\\\/coaching-your-change.com\\\/bestaetigung-mailadresse\\\/\"]}]},{\"@type\":\"BreadcrumbList\",\"@id\":\"https:\\\/\\\/coaching-your-change.com\\\/bestaetigung-mailadresse\\\/#breadcrumb\",\"itemListElement\":[{\"@type\":\"ListItem\",\"position\":1,\"name\":\"Startseite\",\"item\":\"https:\\\/\\\/coaching-your-change.com\\\/\"},{\"@type\":\"ListItem\",\"position\":2,\"name\":\"Best\u00e4tigung Emailadresse\"}]},{\"@type\":\"WebSite\",\"@id\":\"https:\\\/\\\/coaching-your-change.com\\\/#website\",\"url\":\"https:\\\/\\\/coaching-your-change.com\\\/\",\"name\":\"coaching-your-change.com\",\"description\":\"Change Expertise &amp; Business Coaching\",\"publisher\":{\"@id\":\"https:\\\/\\\/coaching-your-change.com\\\/#\\\/schema\\\/person\\\/a883cb7c2b5b5302f27eb2ae2ac966b0\"},\"potentialAction\":[{\"@type\":\"SearchAction\",\"target\":{\"@type\":\"EntryPoint\",\"urlTemplate\":\"https:\\\/\\\/coaching-your-change.com\\\/?s={search_term_string}\"},\"query-input\":{\"@type\":\"PropertyValueSpecification\",\"valueRequired\":true,\"valueName\":\"search_term_string\"}}],\"inLanguage\":\"en-GB\"},{\"@type\":[\"Person\",\"Organization\"],\"@id\":\"https:\\\/\\\/coaching-your-change.com\\\/#\\\/schema\\\/person\\\/a883cb7c2b5b5302f27eb2ae2ac966b0\",\"name\":\"Kathrin Schrepfer\",\"image\":{\"@type\":\"ImageObject\",\"inLanguage\":\"en-GB\",\"@id\":\"https:\\\/\\\/coaching-your-change.com\\\/wp-content\\\/uploads\\\/Logo-weiss-short.png\",\"url\":\"https:\\\/\\\/coaching-your-change.com\\\/wp-content\\\/uploads\\\/Logo-weiss-short.png\",\"contentUrl\":\"https:\\\/\\\/coaching-your-change.com\\\/wp-content\\\/uploads\\\/Logo-weiss-short.png\",\"width\":750,\"height\":750,\"caption\":\"Kathrin Schrepfer\"},\"logo\":{\"@id\":\"https:\\\/\\\/coaching-your-change.com\\\/wp-content\\\/uploads\\\/Logo-weiss-short.png\"},\"sameAs\":[\"http:\\\/\\\/coaching-your-change.com\",\"https:\\\/\\\/www.facebook.com\\\/people\\\/Kathrin-Schrepfer\\\/100085420214170\\\/\",\"https:\\\/\\\/www.instagram.com\\\/coaching.your.change\\\/\",\"http:\\\/\\\/linkedin.com\\\/in\\\/kathrin-schrepfer-b041bb19b\"]}]}<\/script>\n<!-- \/ Yoast SEO plugin. -->","yoast_head_json":{"title":"Best\u00e4tigung Emailadresse - coaching-your-change.com","robots":{"index":"index","follow":"follow","max-snippet":"max-snippet:-1","max-image-preview":"max-image-preview:large","max-video-preview":"max-video-preview:-1"},"canonical":"https:\/\/coaching-your-change.com\/en_gb\/bestaetigung-mailadresse\/","og_locale":"en_GB","og_type":"article","og_title":"Best\u00e4tigung Emailadresse - coaching-your-change.com","og_description":"Das hat geklappt! &nbsp;Deine Emailadresse wurde im System best\u00e4tigt! Wichtigen Informationen und n\u00fctzliche Tipps erh\u00e4ltst Du in Zukunft direkt in Dein Postfach. Viel Spa\u00df dabei, einen positiven Unterschied zu machen!\u00a0 Deine KathrinWusstest Du, dass ich Dich bei verschiedenen Change Prozessen begleiten kann?","og_url":"https:\/\/coaching-your-change.com\/en_gb\/bestaetigung-mailadresse\/","og_site_name":"coaching-your-change.com","article_publisher":"https:\/\/www.facebook.com\/people\/Kathrin-Schrepfer\/100085420214170\/","article_modified_time":"2025-07-31T16:31:20+00:00","twitter_card":"summary_large_image","twitter_misc":{"Estimated reading time":"1 minute"},"schema":{"@context":"https:\/\/schema.org","@graph":[{"@type":"WebPage","@id":"https:\/\/coaching-your-change.com\/bestaetigung-mailadresse\/","url":"https:\/\/coaching-your-change.com\/bestaetigung-mailadresse\/","name":"Best\u00e4tigung Emailadresse - coaching-your-change.com","isPartOf":{"@id":"https:\/\/coaching-your-change.com\/#website"},"datePublished":"2022-07-05T11:26:00+00:00","dateModified":"2025-07-31T16:31:20+00:00","breadcrumb":{"@id":"https:\/\/coaching-your-change.com\/bestaetigung-mailadresse\/#breadcrumb"},"inLanguage":"en-GB","potentialAction":[{"@type":"ReadAction","target":["https:\/\/coaching-your-change.com\/bestaetigung-mailadresse\/"]}]},{"@type":"BreadcrumbList","@id":"https:\/\/coaching-your-change.com\/bestaetigung-mailadresse\/#breadcrumb","itemListElement":[{"@type":"ListItem","position":1,"name":"Startseite","item":"https:\/\/coaching-your-change.com\/"},{"@type":"ListItem","position":2,"name":"Best\u00e4tigung Emailadresse"}]},{"@type":"WebSite","@id":"https:\/\/coaching-your-change.com\/#website","url":"https:\/\/coaching-your-change.com\/","name":"coaching-your-change.com","description":"Change Expertise &amp; Business Coaching","publisher":{"@id":"https:\/\/coaching-your-change.com\/#\/schema\/person\/a883cb7c2b5b5302f27eb2ae2ac966b0"},"potentialAction":[{"@type":"SearchAction","target":{"@type":"EntryPoint","urlTemplate":"https:\/\/coaching-your-change.com\/?s={search_term_string}"},"query-input":{"@type":"PropertyValueSpecification","valueRequired":true,"valueName":"search_term_string"}}],"inLanguage":"en-GB"},{"@type":["Person","Organization"],"@id":"https:\/\/coaching-your-change.com\/#\/schema\/person\/a883cb7c2b5b5302f27eb2ae2ac966b0","name":"Kathrin Schrepfer","image":{"@type":"ImageObject","inLanguage":"en-GB","@id":"https:\/\/coaching-your-change.com\/wp-content\/uploads\/Logo-weiss-short.png","url":"https:\/\/coaching-your-change.com\/wp-content\/uploads\/Logo-weiss-short.png","contentUrl":"https:\/\/coaching-your-change.com\/wp-content\/uploads\/Logo-weiss-short.png","width":750,"height":750,"caption":"Kathrin Schrepfer"},"logo":{"@id":"https:\/\/coaching-your-change.com\/wp-content\/uploads\/Logo-weiss-short.png"},"sameAs":["http:\/\/coaching-your-change.com","https:\/\/www.facebook.com\/people\/Kathrin-Schrepfer\/100085420214170\/","https:\/\/www.instagram.com\/coaching.your.change\/","http:\/\/linkedin.com\/in\/kathrin-schrepfer-b041bb19b"]}]}},"_links":{"self":[{"href":"https:\/\/coaching-your-change.com\/en_gb\/wp-json\/wp\/v2\/pages\/1604","targetHints":{"allow":["GET"]}}],"collection":[{"href":"https:\/\/coaching-your-change.com\/en_gb\/wp-json\/wp\/v2\/pages"}],"about":[{"href":"https:\/\/coaching-your-change.com\/en_gb\/wp-json\/wp\/v2\/types\/page"}],"author":[{"embeddable":true,"href":"https:\/\/coaching-your-change.com\/en_gb\/wp-json\/wp\/v2\/users\/2"}],"replies":[{"embeddable":true,"href":"https:\/\/coaching-your-change.com\/en_gb\/wp-json\/wp\/v2\/comments?post=1604"}],"version-history":[{"count":10,"href":"https:\/\/coaching-your-change.com\/en_gb\/wp-json\/wp\/v2\/pages\/1604\/revisions"}],"predecessor-version":[{"id":251359,"href":"https:\/\/coaching-your-change.com\/en_gb\/wp-json\/wp\/v2\/pages\/1604\/revisions\/251359"}],"wp:attachment":[{"href":"https:\/\/coaching-your-change.com\/en_gb\/wp-json\/wp\/v2\/media?parent=1604"}],"curies":[{"name":"wp","href":"https:\/\/api.w.org\/{rel}","templated":true}]}}