{"id":907,"date":"2022-05-21T17:13:52","date_gmt":"2022-05-21T15:13:52","guid":{"rendered":"https:\/\/coaching-your-change.com\/?page_id=907"},"modified":"2025-07-17T11:37:03","modified_gmt":"2025-07-17T09:37:03","slug":"impressum","status":"publish","type":"page","link":"https:\/\/coaching-your-change.com\/en_gb\/impressum\/","title":{"rendered":"Imprint"},"content":{"rendered":"<p>[et_pb_section fb_built=&#8220;1&#8243; _builder_version=&#8220;4.17.4&#8243; _module_preset=&#8220;default&#8220; global_colors_info=&#8220;{}&#8220;][et_pb_row column_structure=&#8220;2_5,3_5&#8243; _builder_version=&#8220;4.17.4&#8243; _module_preset=&#8220;default&#8220; global_colors_info=&#8220;{}&#8220;][et_pb_column type=&#8220;2_5&#8243; _builder_version=&#8220;4.17.4&#8243; _module_preset=&#8220;default&#8220; background_color=&#8220;#23537B&#8220; global_colors_info=&#8220;{}&#8220;][et_pb_text _builder_version=&#8220;4.17.6&#8243; _module_preset=&#8220;default&#8220; header_text_color=&#8220;#FFFFFF&#8220; border_radii=&#8220;on|8px|8px|8px|8px&#8220; border_width_all=&#8220;20px&#8220; border_color_all=&#8220;#23537B&#8220; global_colors_info=&#8220;{}&#8220;]<\/p>\n<h1>Impressum<\/h1>\n<p>[\/et_pb_text][\/et_pb_column][et_pb_column type=&#8220;3_5&#8243; _builder_version=&#8220;4.17.4&#8243; _module_preset=&#8220;default&#8220; global_colors_info=&#8220;{}&#8220;][et_pb_text _builder_version=&#8220;4.27.2&#8243; _module_preset=&#8220;default&#8220; header_font=&#8220;Raleway||||||||&#8220; header_3_font=&#8220;Raleway|900|||||||&#8220; header_3_font_size=&#8220;21px&#8220; global_colors_info=&#8220;{}&#8220;]<\/p>\n<h3><span>Angaben gem\u00e4\u00df \u00a7 5 TMG<\/span><\/h3>\n<p>Kathrin Schrepfer<br \/>Change Expertise und Business Coaching<br \/>L\u00fcbberstedter Weg 40<br \/>21388 Soderstorf<\/p>\n<h3>Kontakt<\/h3>\n<p>Telefon: +49 (0) 151 56011667<br \/><span>Telefax: +49 (0) 4172 4504033<\/span><br \/>E-Mail: &#x6b;&#111;n&#x74;&#x61;&#107;t&#x40;&#99;o&#x61;&#x63;&#104;i&#x6e;&#103;-&#x79;&#x6f;&#117;r&#x2d;&#x63;&#104;&#x61;&#x6e;&#103;e&#x2e;&#x63;&#111;m<\/p>\n<h3>Umsatzsteuer-ID<\/h3>\n<p>Umsatzsteuer-Identifikationsnummer gem\u00e4\u00df \u00a7 27 a Umsatzsteuergesetz:<br \/>DE342648070<\/p>\n<h3>Angaben zur Berufs\u00adhaftpflicht\u00adversicherung<\/h3>\n<p><strong>Name und Sitz des Versicherers:<\/strong><br \/>HDI Versicherung AG, 30650 Hannover<\/p>\n<p><strong>Geltungsraum der Versicherung:<\/strong><br \/>EU<\/p>\n<h3>Redaktionell Verantwortliche<\/h3>\n<p>Kathrin Schrepfer<br \/>L\u00fcbberstedter Weg 40<br \/>21388 Soderstorf<\/p>\n<h3>Verbraucher\u00adstreit\u00adbeilegung\/Universal\u00adschlichtungs\u00adstelle<\/h3>\n<p>Wir sind nicht bereit oder verpflichtet, an Streitbeilegungsverfahren vor einer Verbraucherschlichtungsstelle teilzunehmen.<\/p>\n<h3>Haftung f\u00fcr Inhalte<\/h3>\n<p>Als Diensteanbieter sind wir gem\u00e4\u00df \u00a7 7 Abs.1 TMG f\u00fcr eigene Inhalte auf diesen Seiten nach den allgemeinen Gesetzen verantwortlich. Nach \u00a7\u00a7 8 bis 10 TMG sind wir als Diensteanbieter jedoch nicht verpflichtet, \u00fcbermittelte oder gespeicherte fremde Informationen zu \u00fcberwachen oder nach Umst\u00e4nden zu forschen, die auf eine rechtswidrige T\u00e4tigkeit hinweisen.<\/p>\n<p>Verpflichtungen zur Entfernung oder Sperrung der Nutzung von Informationen nach den allgemeinen Gesetzen bleiben hiervon unber\u00fchrt. Eine diesbez\u00fcgliche Haftung ist jedoch erst ab dem Zeitpunkt der Kenntnis einer konkreten Rechtsverletzung m\u00f6glich. Bei Bekanntwerden von entsprechenden Rechtsverletzungen werden wir diese Inhalte umgehend entfernen.<\/p>\n<h3>Haftung f\u00fcr Links<\/h3>\n<p>Unser Angebot enth\u00e4lt Links zu externen Websites Dritter, auf deren Inhalte wir keinen Einfluss haben. Deshalb k\u00f6nnen wir f\u00fcr diese fremden Inhalte auch keine Gew\u00e4hr \u00fcbernehmen. F\u00fcr die Inhalte der verlinkten Seiten ist stets der jeweilige Anbieter oder Betreiber der Seiten verantwortlich. Die verlinkten Seiten wurden zum Zeitpunkt der Verlinkung auf m\u00f6gliche Rechtsverst\u00f6\u00dfe \u00fcberpr\u00fcft. Rechtswidrige Inhalte waren zum Zeitpunkt der Verlinkung nicht erkennbar.<\/p>\n<p>Eine permanente inhaltliche Kontrolle der verlinkten Seiten ist jedoch ohne konkrete Anhaltspunkte einer Rechtsverletzung nicht zumutbar. Bei Bekanntwerden von Rechtsverletzungen werden wir derartige Links umgehend entfernen.<\/p>\n<h3>Urheberrecht<\/h3>\n<p>Die durch die Seitenbetreiber erstellten Inhalte und Werke auf diesen Seiten unterliegen dem deutschen Urheberrecht. Die Vervielf\u00e4ltigung, Bearbeitung, Verbreitung und jede Art der Verwertung au\u00dferhalb der Grenzen des Urheberrechtes bed\u00fcrfen der schriftlichen Zustimmung des jeweiligen Autors bzw. Erstellers. Downloads und Kopien dieser Seite sind nur f\u00fcr den privaten, nicht kommerziellen Gebrauch gestattet.<\/p>\n<p>Soweit die Inhalte auf dieser Seite nicht vom Betreiber erstellt wurden, werden die Urheberrechte Dritter beachtet. Insbesondere werden Inhalte Dritter als solche gekennzeichnet. Sollten Sie trotzdem auf eine Urheberrechtsverletzung aufmerksam werden, bitten wir um einen entsprechenden Hinweis. Bei Bekanntwerden von Rechtsverletzungen werden wir derartige Inhalte umgehend entfernen.<\/p>\n<p>[\/et_pb_text][\/et_pb_column][\/et_pb_row][et_pb_row _builder_version=&#8220;4.27.4&#8243; _module_preset=&#8220;default&#8220; global_colors_info=&#8220;{}&#8220;][et_pb_column type=&#8220;4_4&#8243; _builder_version=&#8220;4.27.4&#8243; _module_preset=&#8220;default&#8220; global_colors_info=&#8220;{}&#8220;][et_pb_image src=&#8220;https:\/\/coaching-your-change.com\/wp-content\/uploads\/impressum-siegel-dark-vertical-small.png&#8220; title_text=&#8220;impressum-siegel-dark-vertical-small&#8220; _builder_version=&#8220;4.27.4&#8243; _module_preset=&#8220;default&#8220; custom_margin=&#8220;-340px||||false|false&#8220; global_colors_info=&#8220;{}&#8220;][\/et_pb_image][\/et_pb_column][\/et_pb_row][\/et_pb_section]<\/p>\n","protected":false},"excerpt":{"rendered":"<p>ImpressumAngaben gem\u00e4\u00df \u00a7 5 TMG Kathrin SchrepferChange Expertise und Business CoachingL\u00fcbberstedter Weg 4021388 Soderstorf Kontakt Telefon: +49 (0) 151 56011667Telefax: +49 (0) 4172 4504033E-Mail: &#x6b;&#111;n&#x74;&#97;&#107;&#x74;&#x40;&#99;o&#x61;&#99;h&#x69;&#x6e;&#103;-&#x79;&#111;u&#x72;&#x2d;&#99;h&#x61;&#110;g&#x65;&#x2e;&#99;o&#x6d; Umsatzsteuer-ID Umsatzsteuer-Identifikationsnummer gem\u00e4\u00df \u00a7 27 a Umsatzsteuergesetz:DE342648070 Angaben zur Berufs\u00adhaftpflicht\u00adversicherung Name und Sitz des Versicherers:HDI Versicherung AG, 30650 Hannover Geltungsraum der Versicherung:EU Redaktionell Verantwortliche Kathrin SchrepferL\u00fcbberstedter Weg 4021388 Soderstorf Verbraucher\u00adstreit\u00adbeilegung\/Universal\u00adschlichtungs\u00adstelle [&hellip;]<\/p>\n","protected":false},"author":2,"featured_media":0,"parent":0,"menu_order":0,"comment_status":"closed","ping_status":"closed","template":"","meta":{"_et_pb_use_builder":"on","_et_pb_old_content":"","_et_gb_content_width":"","_themeisle_gutenberg_block_has_review":false,"footnotes":""},"class_list":["post-907","page","type-page","status-publish","hentry"],"yoast_head":"<!-- This site is optimized with the Yoast SEO plugin v27.4 - https:\/\/yoast.com\/product\/yoast-seo-wordpress\/ -->\n<title>Impressum Coaching Your Change<\/title>\n<meta name=\"description\" content=\"Impressum - Coaching Your Change\" \/>\n<meta name=\"robots\" content=\"index, follow, max-snippet:-1, max-image-preview:large, max-video-preview:-1\" \/>\n<link rel=\"canonical\" href=\"https:\/\/coaching-your-change.com\/en_gb\/impressum\/\" \/>\n<meta property=\"og:locale\" content=\"en_GB\" \/>\n<meta property=\"og:type\" content=\"article\" \/>\n<meta property=\"og:title\" content=\"Impressum Coaching Your Change\" \/>\n<meta property=\"og:description\" content=\"Impressum - Coaching Your Change\" \/>\n<meta property=\"og:url\" content=\"https:\/\/coaching-your-change.com\/en_gb\/impressum\/\" \/>\n<meta property=\"og:site_name\" content=\"coaching-your-change.com\" \/>\n<meta property=\"article:publisher\" content=\"https:\/\/www.facebook.com\/people\/Kathrin-Schrepfer\/100085420214170\/\" \/>\n<meta property=\"article:modified_time\" content=\"2025-07-17T09:37:03+00:00\" \/>\n<meta name=\"twitter:card\" content=\"summary_large_image\" \/>\n<meta name=\"twitter:label1\" content=\"Estimated reading time\" \/>\n\t<meta name=\"twitter:data1\" content=\"3 minutes\" \/>\n<script type=\"application\/ld+json\" class=\"yoast-schema-graph\">{\"@context\":\"https:\\\/\\\/schema.org\",\"@graph\":[{\"@type\":\"WebPage\",\"@id\":\"https:\\\/\\\/coaching-your-change.com\\\/impressum\\\/\",\"url\":\"https:\\\/\\\/coaching-your-change.com\\\/impressum\\\/\",\"name\":\"Impressum Coaching Your Change\",\"isPartOf\":{\"@id\":\"https:\\\/\\\/coaching-your-change.com\\\/#website\"},\"datePublished\":\"2022-05-21T15:13:52+00:00\",\"dateModified\":\"2025-07-17T09:37:03+00:00\",\"description\":\"Impressum - Coaching Your Change\",\"breadcrumb\":{\"@id\":\"https:\\\/\\\/coaching-your-change.com\\\/impressum\\\/#breadcrumb\"},\"inLanguage\":\"en-GB\",\"potentialAction\":[{\"@type\":\"ReadAction\",\"target\":[\"https:\\\/\\\/coaching-your-change.com\\\/impressum\\\/\"]}]},{\"@type\":\"BreadcrumbList\",\"@id\":\"https:\\\/\\\/coaching-your-change.com\\\/impressum\\\/#breadcrumb\",\"itemListElement\":[{\"@type\":\"ListItem\",\"position\":1,\"name\":\"Startseite\",\"item\":\"https:\\\/\\\/coaching-your-change.com\\\/\"},{\"@type\":\"ListItem\",\"position\":2,\"name\":\"Impressum\"}]},{\"@type\":\"WebSite\",\"@id\":\"https:\\\/\\\/coaching-your-change.com\\\/#website\",\"url\":\"https:\\\/\\\/coaching-your-change.com\\\/\",\"name\":\"coaching-your-change.com\",\"description\":\"Change Expertise &amp; Business Coaching\",\"publisher\":{\"@id\":\"https:\\\/\\\/coaching-your-change.com\\\/#\\\/schema\\\/person\\\/a883cb7c2b5b5302f27eb2ae2ac966b0\"},\"potentialAction\":[{\"@type\":\"SearchAction\",\"target\":{\"@type\":\"EntryPoint\",\"urlTemplate\":\"https:\\\/\\\/coaching-your-change.com\\\/?s={search_term_string}\"},\"query-input\":{\"@type\":\"PropertyValueSpecification\",\"valueRequired\":true,\"valueName\":\"search_term_string\"}}],\"inLanguage\":\"en-GB\"},{\"@type\":[\"Person\",\"Organization\"],\"@id\":\"https:\\\/\\\/coaching-your-change.com\\\/#\\\/schema\\\/person\\\/a883cb7c2b5b5302f27eb2ae2ac966b0\",\"name\":\"Kathrin Schrepfer\",\"image\":{\"@type\":\"ImageObject\",\"inLanguage\":\"en-GB\",\"@id\":\"https:\\\/\\\/coaching-your-change.com\\\/wp-content\\\/uploads\\\/Logo-weiss-short.png\",\"url\":\"https:\\\/\\\/coaching-your-change.com\\\/wp-content\\\/uploads\\\/Logo-weiss-short.png\",\"contentUrl\":\"https:\\\/\\\/coaching-your-change.com\\\/wp-content\\\/uploads\\\/Logo-weiss-short.png\",\"width\":750,\"height\":750,\"caption\":\"Kathrin Schrepfer\"},\"logo\":{\"@id\":\"https:\\\/\\\/coaching-your-change.com\\\/wp-content\\\/uploads\\\/Logo-weiss-short.png\"},\"sameAs\":[\"http:\\\/\\\/coaching-your-change.com\",\"https:\\\/\\\/www.facebook.com\\\/people\\\/Kathrin-Schrepfer\\\/100085420214170\\\/\",\"https:\\\/\\\/www.instagram.com\\\/coaching.your.change\\\/\",\"http:\\\/\\\/linkedin.com\\\/in\\\/kathrin-schrepfer-b041bb19b\"]}]}<\/script>\n<!-- \/ Yoast SEO plugin. -->","yoast_head_json":{"title":"Impressum Coaching Your Change","description":"Impressum - Coaching Your Change","robots":{"index":"index","follow":"follow","max-snippet":"max-snippet:-1","max-image-preview":"max-image-preview:large","max-video-preview":"max-video-preview:-1"},"canonical":"https:\/\/coaching-your-change.com\/en_gb\/impressum\/","og_locale":"en_GB","og_type":"article","og_title":"Impressum Coaching Your Change","og_description":"Impressum - Coaching Your Change","og_url":"https:\/\/coaching-your-change.com\/en_gb\/impressum\/","og_site_name":"coaching-your-change.com","article_publisher":"https:\/\/www.facebook.com\/people\/Kathrin-Schrepfer\/100085420214170\/","article_modified_time":"2025-07-17T09:37:03+00:00","twitter_card":"summary_large_image","twitter_misc":{"Estimated reading time":"3 minutes"},"schema":{"@context":"https:\/\/schema.org","@graph":[{"@type":"WebPage","@id":"https:\/\/coaching-your-change.com\/impressum\/","url":"https:\/\/coaching-your-change.com\/impressum\/","name":"Impressum Coaching Your Change","isPartOf":{"@id":"https:\/\/coaching-your-change.com\/#website"},"datePublished":"2022-05-21T15:13:52+00:00","dateModified":"2025-07-17T09:37:03+00:00","description":"Impressum - Coaching Your Change","breadcrumb":{"@id":"https:\/\/coaching-your-change.com\/impressum\/#breadcrumb"},"inLanguage":"en-GB","potentialAction":[{"@type":"ReadAction","target":["https:\/\/coaching-your-change.com\/impressum\/"]}]},{"@type":"BreadcrumbList","@id":"https:\/\/coaching-your-change.com\/impressum\/#breadcrumb","itemListElement":[{"@type":"ListItem","position":1,"name":"Startseite","item":"https:\/\/coaching-your-change.com\/"},{"@type":"ListItem","position":2,"name":"Impressum"}]},{"@type":"WebSite","@id":"https:\/\/coaching-your-change.com\/#website","url":"https:\/\/coaching-your-change.com\/","name":"coaching-your-change.com","description":"Change Expertise &amp; Business Coaching","publisher":{"@id":"https:\/\/coaching-your-change.com\/#\/schema\/person\/a883cb7c2b5b5302f27eb2ae2ac966b0"},"potentialAction":[{"@type":"SearchAction","target":{"@type":"EntryPoint","urlTemplate":"https:\/\/coaching-your-change.com\/?s={search_term_string}"},"query-input":{"@type":"PropertyValueSpecification","valueRequired":true,"valueName":"search_term_string"}}],"inLanguage":"en-GB"},{"@type":["Person","Organization"],"@id":"https:\/\/coaching-your-change.com\/#\/schema\/person\/a883cb7c2b5b5302f27eb2ae2ac966b0","name":"Kathrin Schrepfer","image":{"@type":"ImageObject","inLanguage":"en-GB","@id":"https:\/\/coaching-your-change.com\/wp-content\/uploads\/Logo-weiss-short.png","url":"https:\/\/coaching-your-change.com\/wp-content\/uploads\/Logo-weiss-short.png","contentUrl":"https:\/\/coaching-your-change.com\/wp-content\/uploads\/Logo-weiss-short.png","width":750,"height":750,"caption":"Kathrin Schrepfer"},"logo":{"@id":"https:\/\/coaching-your-change.com\/wp-content\/uploads\/Logo-weiss-short.png"},"sameAs":["http:\/\/coaching-your-change.com","https:\/\/www.facebook.com\/people\/Kathrin-Schrepfer\/100085420214170\/","https:\/\/www.instagram.com\/coaching.your.change\/","http:\/\/linkedin.com\/in\/kathrin-schrepfer-b041bb19b"]}]}},"_links":{"self":[{"href":"https:\/\/coaching-your-change.com\/en_gb\/wp-json\/wp\/v2\/pages\/907","targetHints":{"allow":["GET"]}}],"collection":[{"href":"https:\/\/coaching-your-change.com\/en_gb\/wp-json\/wp\/v2\/pages"}],"about":[{"href":"https:\/\/coaching-your-change.com\/en_gb\/wp-json\/wp\/v2\/types\/page"}],"author":[{"embeddable":true,"href":"https:\/\/coaching-your-change.com\/en_gb\/wp-json\/wp\/v2\/users\/2"}],"replies":[{"embeddable":true,"href":"https:\/\/coaching-your-change.com\/en_gb\/wp-json\/wp\/v2\/comments?post=907"}],"version-history":[{"count":9,"href":"https:\/\/coaching-your-change.com\/en_gb\/wp-json\/wp\/v2\/pages\/907\/revisions"}],"predecessor-version":[{"id":251337,"href":"https:\/\/coaching-your-change.com\/en_gb\/wp-json\/wp\/v2\/pages\/907\/revisions\/251337"}],"wp:attachment":[{"href":"https:\/\/coaching-your-change.com\/en_gb\/wp-json\/wp\/v2\/media?parent=907"}],"curies":[{"name":"wp","href":"https:\/\/api.w.org\/{rel}","templated":true}]}}